{"id":1936,"date":"2023-01-17T20:01:45","date_gmt":"2023-01-17T20:01:45","guid":{"rendered":"https:\/\/cg-ka-durlach.de\/?page_id=1936"},"modified":"2026-04-05T11:15:55","modified_gmt":"2026-04-05T11:15:55","slug":"gottesdienste","status":"publish","type":"page","link":"https:\/\/cg-ka-durlach.com\/?page_id=1936","title":{"rendered":"Gottesdienste"},"content":{"rendered":"\n<h2 class=\"wp-block-heading\" id=\"Gottesdienste\">Gottesdienste<\/h2>\n\n\n\n<div class=\"wp-block-columns is-layout-flex wp-container-core-columns-is-layout-1 wp-block-columns-is-layout-flex\" style=\"border-bottom-color:var(--wp--preset--color--ast-global-color-5);border-bottom-width:32px\">\n<div class=\"wp-block-column is-vertically-aligned-center is-layout-flow wp-block-column-is-layout-flow\" style=\"border-style:none;border-width:0px;padding-top:0;padding-right:0;padding-bottom:0;padding-left:0;flex-basis:66.66%\">\n<p class=\"has-text-align-left\">Gottesdienste sonntags<br>10:00 Uhr &#8211; 11:00 Uhr Abendmahlsfeier<br>11:00 Uhr &#8211; 11:30 Uhr Pause<br>11:30 Uhr &#8211; 12:30 Uhr Predigt<\/p>\n\n\n\n<p><\/p>\n<\/div>\n\n\n\n<div class=\"wp-block-column is-layout-flow wp-block-column-is-layout-flow\" style=\"flex-basis:33.33%\">\n<div class=\"wp-block-uagb-image aligncenter uagb-block-275ff4eb wp-block-uagb-image--layout-default wp-block-uagb-image--effect-static wp-block-uagb-image--align-center\"><figure class=\"wp-block-uagb-image__figure\"><img decoding=\"async\" srcset=\"https:\/\/cg-ka-durlach.com\/wp-content\/uploads\/2023\/01\/DSC_5918-2-683x1024.jpg \" sizes=\"auto, (max-width: 480px) 150px\" src=\"https:\/\/cg-ka-durlach.com\/wp-content\/uploads\/2023\/01\/DSC_5918-2-683x1024.jpg\" alt=\"\" class=\"uag-image-2047\" width=\"300\" height=\"200\" title=\"\" loading=\"lazy\" role=\"img\"\/><\/figure><\/div>\n<\/div>\n<\/div>\n\n\n\n<div class=\"wp-block-columns is-layout-flex wp-container-core-columns-is-layout-2 wp-block-columns-is-layout-flex\" style=\"border-bottom-color:var(--wp--preset--color--ast-global-color-5);border-bottom-width:32px\">\n<div class=\"wp-block-column is-layout-flow wp-block-column-is-layout-flow\" style=\"flex-basis:33.33%\">\n<div class=\"wp-block-uagb-image alignleft uagb-block-004ed715 wp-block-uagb-image--layout-default wp-block-uagb-image--effect-static wp-block-uagb-image--align-left\"><figure class=\"wp-block-uagb-image__figure\"><a class=\"\" href=\"https:\/\/cg-ka-durlach.com\/wp-content\/uploads\/2023\/01\/DSC_6008-scaled.jpg\" target=\"\" rel=\"noopener\"><img decoding=\"async\"  sizes=\"auto, (max-width: 480px) 150px\" src=\"https:\/\/cg-ka-durlach.com\/wp-content\/uploads\/2023\/01\/DSC_6008-1024x683.jpg\" alt=\"\" width=\"1024\" height=\"683\" title=\"\" loading=\"lazy\" role=\"img\"\/><\/a><\/figure><\/div>\n<\/div>\n\n\n\n<div class=\"wp-block-column is-vertically-aligned-center is-layout-flow wp-block-column-is-layout-flow\" style=\"flex-basis:66.66%\">\n<p>Gebets- und Bibelstunde mittwochs<br>19:30 Uhr<\/p>\n\n\n\n<p><\/p>\n<\/div>\n<\/div>\n\n\n\n<div class=\"wp-block-columns is-layout-flex wp-container-core-columns-is-layout-3 wp-block-columns-is-layout-flex\" style=\"border-bottom-color:var(--wp--preset--color--ast-global-color-5);border-bottom-width:32px\">\n<div class=\"wp-block-column is-vertically-aligned-center is-layout-flow wp-block-column-is-layout-flow\" style=\"border-style:none;border-width:0px;padding-top:0;padding-right:0;padding-bottom:0;padding-left:0;flex-basis:66.66%\">\n<p>Unsere Gottesdienste finden in der Rappenstra\u00dfe 5 in 76227 Karlsruhe-Durlach (Hintergeb\u00e4ude) statt.<\/p>\n<\/div>\n\n\n\n<div class=\"wp-block-column is-layout-flow wp-block-column-is-layout-flow\" style=\"flex-basis:33.33%\">\n<figure class=\"wp-block-image size-large\"><a href=\"https:\/\/cg-ka-durlach.com\/wp-content\/uploads\/2024\/11\/IMG_3841-scaled-e1730663356957.gray_.jpg\"><img decoding=\"async\" src=\"https:\/\/cg-ka-durlach.com\/wp-content\/uploads\/2024\/11\/IMG_3841-scaled-e1730663356957.gray_.jpg\" alt=\"\" style=\"aspect-ratio:4\/3;object-fit:contain\"\/><\/a><\/figure>\n<\/div>\n<\/div>\n\n\n\n<div class=\"wp-block-uagb-info-box uagb-block-331c974e uagb-infobox__content-wrap  uagb-infobox-icon-above-title uagb-infobox-image-valign-top\"><div class=\"uagb-ifb-content\"><div class=\"uagb-ifb-title-wrap\"><h3 class=\"uagb-ifb-title\">&#8222;Wir haben hier keine bleibende Stadt, sondern die zuk\u00fcnftige suchen wir.&#8220;<\/h3><\/div><p class=\"uagb-ifb-desc\">Hebr\u00e4er 13,14<\/p><div class=\"uagb-ifb-button-wrapper wp-block-button\"><a href=\"#\" target=\"_self\" onclick=\"return false;\" class=\"uagb-infobox-cta-link\" rel=\"noopener noreferrer\"><span class=\"uagb-inline-editing\"><\/span><\/a><\/div><\/div><\/div>\n\n\n\n<h2 class=\"wp-block-heading\" style=\"margin-top:var(--wp--preset--spacing--70)\">R\u00e4umlichkeiten<\/h2>\n\n\n\n<div class=\"wp-block-columns is-layout-flex wp-container-core-columns-is-layout-4 wp-block-columns-is-layout-flex\">\n<div class=\"wp-block-column is-layout-flow wp-block-column-is-layout-flow\" style=\"flex-basis:100%\">\n<figure class=\"wp-block-gallery has-nested-images columns-2 is-cropped wp-block-gallery-1 is-layout-flex wp-block-gallery-is-layout-flex\">\n<figure class=\"wp-block-image size-large\"><img decoding=\"async\" src=\"https:\/\/cg-ka-durlach.com\/wp-content\/uploads\/2023\/03\/DSC_5921-edited-1024x768.jpg\" alt=\"\"\/><\/figure>\n\n\n\n<figure class=\"wp-block-image size-large\"><img decoding=\"async\" src=\"https:\/\/cg-ka-durlach.com\/wp-content\/uploads\/2023\/01\/DSC_5816-1024x688.jpg\" alt=\"\"\/><\/figure>\n\n\n\n<figure class=\"wp-block-image size-large is-style-default\"><img decoding=\"async\" src=\"https:\/\/cg-ka-durlach.com\/wp-content\/uploads\/2025\/02\/IMG_8688_Zuschnitt_01-1024x644.jpg\" alt=\"\"\/><\/figure>\n<\/figure>\n<\/div>\n<\/div>\n","protected":false},"excerpt":{"rendered":"<p>Gottesdienste Gottesdienste sonntags10:00 Uhr &#8211; 11:00 Uhr Abendmahlsfeier11:00 Uhr &#8211; 11:30 Uhr Pause11:30 Uhr &#8211; 12:30 Uhr Predigt Gebets- und Bibelstunde mittwochs19:30 Uhr Unsere Gottesdienste finden in der Rappenstra\u00dfe 5 in 76227 Karlsruhe-Durlach (Hintergeb\u00e4ude) statt. R\u00e4umlichkeiten<\/p>\n","protected":false},"author":2,"featured_media":0,"parent":0,"menu_order":0,"comment_status":"closed","ping_status":"closed","template":"","meta":{"_uag_custom_page_level_css":"","site-sidebar-layout":"default","site-content-layout":"","ast-site-content-layout":"default","site-content-style":"default","site-sidebar-style":"default","ast-global-header-display":"","ast-banner-title-visibility":"","ast-main-header-display":"","ast-hfb-above-header-display":"","ast-hfb-below-header-display":"","ast-hfb-mobile-header-display":"","site-post-title":"disabled","ast-breadcrumbs-content":"","ast-featured-img":"","footer-sml-layout":"","ast-disable-related-posts":"","theme-transparent-header-meta":"","adv-header-id-meta":"","stick-header-meta":"","header-above-stick-meta":"","header-main-stick-meta":"","header-below-stick-meta":"","astra-migrate-meta-layouts":"set","ast-page-background-enabled":"default","ast-page-background-meta":{"desktop":{"background-color":"","background-image":"","background-repeat":"repeat","background-position":"center center","background-size":"auto","background-attachment":"scroll","background-type":"","background-media":"","overlay-type":"","overlay-color":"","overlay-opacity":"","overlay-gradient":""},"tablet":{"background-color":"","background-image":"","background-repeat":"repeat","background-position":"center center","background-size":"auto","background-attachment":"scroll","background-type":"","background-media":"","overlay-type":"","overlay-color":"","overlay-opacity":"","overlay-gradient":""},"mobile":{"background-color":"","background-image":"","background-repeat":"repeat","background-position":"center center","background-size":"auto","background-attachment":"scroll","background-type":"","background-media":"","overlay-type":"","overlay-color":"","overlay-opacity":"","overlay-gradient":""}},"ast-content-background-meta":{"desktop":{"background-color":"var(--ast-global-color-5)","background-image":"","background-repeat":"repeat","background-position":"center center","background-size":"auto","background-attachment":"scroll","background-type":"","background-media":"","overlay-type":"","overlay-color":"","overlay-opacity":"","overlay-gradient":""},"tablet":{"background-color":"var(--ast-global-color-5)","background-image":"","background-repeat":"repeat","background-position":"center center","background-size":"auto","background-attachment":"scroll","background-type":"","background-media":"","overlay-type":"","overlay-color":"","overlay-opacity":"","overlay-gradient":""},"mobile":{"background-color":"var(--ast-global-color-5)","background-image":"","background-repeat":"repeat","background-position":"center center","background-size":"auto","background-attachment":"scroll","background-type":"","background-media":"","overlay-type":"","overlay-color":"","overlay-opacity":"","overlay-gradient":""}},"footnotes":""},"class_list":["post-1936","page","type-page","status-publish","hentry"],"uagb_featured_image_src":{"full":false,"thumbnail":false,"medium":false,"medium_large":false,"large":false,"1536x1536":false,"2048x2048":false},"uagb_author_info":{"display_name":"joerg.hirsch","author_link":"https:\/\/cg-ka-durlach.com\/?author=2"},"uagb_comment_info":0,"uagb_excerpt":"Gottesdienste Gottesdienste sonntags10:00 Uhr &#8211; 11:00 Uhr Abendmahlsfeier11:00 Uhr &#8211; 11:30 Uhr Pause11:30 Uhr &#8211; 12:30 Uhr Predigt Gebets- und Bibelstunde mittwochs19:30 Uhr Unsere Gottesdienste finden in der Rappenstra\u00dfe 5 in 76227 Karlsruhe-Durlach (Hintergeb\u00e4ude) statt. R\u00e4umlichkeiten","_links":{"self":[{"href":"https:\/\/cg-ka-durlach.com\/index.php?rest_route=\/wp\/v2\/pages\/1936","targetHints":{"allow":["GET"]}}],"collection":[{"href":"https:\/\/cg-ka-durlach.com\/index.php?rest_route=\/wp\/v2\/pages"}],"about":[{"href":"https:\/\/cg-ka-durlach.com\/index.php?rest_route=\/wp\/v2\/types\/page"}],"author":[{"embeddable":true,"href":"https:\/\/cg-ka-durlach.com\/index.php?rest_route=\/wp\/v2\/users\/2"}],"replies":[{"embeddable":true,"href":"https:\/\/cg-ka-durlach.com\/index.php?rest_route=%2Fwp%2Fv2%2Fcomments&post=1936"}],"version-history":[{"count":60,"href":"https:\/\/cg-ka-durlach.com\/index.php?rest_route=\/wp\/v2\/pages\/1936\/revisions"}],"predecessor-version":[{"id":2584,"href":"https:\/\/cg-ka-durlach.com\/index.php?rest_route=\/wp\/v2\/pages\/1936\/revisions\/2584"}],"wp:attachment":[{"href":"https:\/\/cg-ka-durlach.com\/index.php?rest_route=%2Fwp%2Fv2%2Fmedia&parent=1936"}],"curies":[{"name":"wp","href":"https:\/\/api.w.org\/{rel}","templated":true}]}}