{"id":3,"date":"2023-01-01T18:42:51","date_gmt":"2023-01-01T18:42:51","guid":{"rendered":"https:\/\/cg-ka-durlach.de\/?page_id=3"},"modified":"2023-02-16T10:18:40","modified_gmt":"2023-02-16T10:18:40","slug":"datenschutzerklaerung","status":"publish","type":"page","link":"https:\/\/cg-ka-durlach.com\/?page_id=3","title":{"rendered":"Datenschutzerkl\u00e4rung"},"content":{"rendered":"\n<h2 class=\"wp-block-heading\">Wer wir sind<\/h2>\n\n\n\n<p>Die Adresse unserer Website ist: https:\/\/cg-ka-durlach.de<\/p>\n\n\n\n<p style=\"margin-top:0;margin-right:0;margin-bottom:var(--wp--preset--spacing--60);margin-left:0\">Der Schutz Deiner personenbezogenen Daten (im Folgenden kurz \u201cDaten\u201d) ist uns ein wichtiges Anliegen. Nachfolgend m\u00f6chten wir Dich dar\u00fcber informieren, welche Daten bei uns erhoben und wie diese von uns im Folgenden verarbeitet oder genutzt werden.<\/p>\n\n\n\n<h2 class=\"wp-block-heading\">Deine Daten<\/h2>\n\n\n\n<p>F\u00fcr die nur informatorische Nutzung unseres Internetauftritts ist es grunds\u00e4tzlich nicht erforderlich, personenbezogene Daten anzugeben. Vielmehr erheben und verwenden wir in diesem Fall nur diejenigen Daten, die uns der Internetbrowser unserer Besucher und Besucherinnen automatisch \u00fcbermittelt, wie etwa:<\/p>\n\n\n\n<div class=\"inherit-container-width wp-block-group \\&quot;wp-block-group\\&quot; is-layout-constrained wp-block-group-is-layout-constrained\"><div class=\"wp-block-group__inner-container\">\n<ul class=\"wp-block-list\">\n<li>Datum und Uhrzeit des Abrufs einer unserer Internetseiten<\/li>\n\n\n\n<li>Browsertyp<\/li>\n\n\n\n<li>Browser-Einstellungen<\/li>\n\n\n\n<li>Verwendetes Betriebssystem<\/li>\n\n\n\n<li>Zuletzt besuchte Seite<\/li>\n\n\n\n<li>\u00dcbertragene Datenmenge und Zugriffsstatus (Datei \u00fcbertragen, Datei nicht gefunden etc.)<\/li>\n\n\n\n<li>IP-Adresse<\/li>\n<\/ul>\n<\/div><\/div>\n\n\n\n<p style=\"margin-bottom:var(--wp--preset--spacing--60)\">Diese Daten erheben und verwenden wir bei einem informatorischen Besuch ausschlie\u00dflich in nicht personenbezogener Form. Dies erfolgt, um die Nutzung der abgerufenen Internetseiten \u00fcberhaupt zu erm\u00f6glichen, zu statistischen Zwecken sowie zur Verbesserung unseres Internetangebots. Die IP-Adresse speichern wir nur f\u00fcr die Dauer Deines Besuchs, eine personenbezogene Auswertung findet nicht statt.<\/p>\n\n\n\n<h2 class=\"wp-block-heading\">Kontaktformulare<\/h2>\n\n\n\n<p style=\"margin-bottom:var(--wp--preset--spacing--60)\">Du kannst Dich \u00fcber unsere Kontakformulare an uns wenden und auch f\u00fcr verschiedenen Veranstaltungen anmelden. Wir m\u00f6chten Dir gelegentlich per Post oder E-Mail Neuigkeiten und Hinweise zukommen lassen, die dich interessieren k\u00f6nnten. Die Speicherung Deiner Mailadresse erfolgt nur mit Deiner Zustimmung und nur zu vorgenannten Zwecken.<\/p>\n\n\n\n<h2 class=\"wp-block-heading\">Cookies<\/h2>\n\n\n\n<p>Falls du ein Konto hast und dich auf dieser Website anmeldest (<em>im Augenblick nicht aktiv<\/em>), werden wir ein tempor\u00e4res Cookie setzen, um festzustellen, ob dein Browser Cookies akzeptiert. Dieses Cookie enth\u00e4lt keine personenbezogenen Daten und wird verworfen, wenn du deinen Browser schlie\u00dft.<\/p>\n\n\n\n<p style=\"margin-top:0;margin-right:0;margin-bottom:var(--wp--preset--spacing--60);margin-left:0\">Wenn du dich anmeldest, werden wir einige Cookies einrichten, um deine Anmeldeinformationen und Anzeigeoptionen zu speichern. Anmelde-Cookies verfallen nach zwei Tagen und Cookies f\u00fcr die Anzeigeoptionen nach einem Jahr. Falls du bei der Anmeldung \u201eAngemeldet bleiben\u201c ausw\u00e4hlst, wird deine Anmeldung zwei Wochen lang aufrechterhalten. Mit der Abmeldung aus deinem Konto werden die Anmelde-Cookies gel\u00f6scht.<\/p>\n\n\n\n<h2 class=\"wp-block-heading\">Eingebettete Inhalte von anderen Websites<\/h2>\n\n\n\n<p>Beitr\u00e4ge auf dieser Website k\u00f6nnen eingebettete Inhalte beinhalten (z.&nbsp;B. Videos, Bilder, Beitr\u00e4ge etc.). Eingebettete Inhalte von anderen Websites verhalten sich exakt so, als ob der Besucher die andere Website besucht h\u00e4tte.<\/p>\n\n\n\n<p style=\"margin-bottom:var(--wp--preset--spacing--60)\">Diese Websites k\u00f6nnen Daten \u00fcber dich sammeln, Cookies benutzen, zus\u00e4tzliche Tracking-Dienste von Dritten einbetten und deine Interaktion mit diesem eingebetteten Inhalt aufzeichnen, inklusive deiner Interaktion mit dem eingebetteten Inhalt, falls du ein Konto hast und auf dieser Website angemeldet bist.<\/p>\n\n\n\n<h2 class=\"wp-block-heading\">Google Maps<\/h2>\n\n\n\n<p style=\"margin-top:0;margin-right:0;margin-bottom:var(--wp--preset--spacing--60);margin-left:0\">Diese Webseite verwendet Google Maps API, um geographische Informationen visuell darzustellen. Bei der Nutzung von Google Maps werden von Google auch Daten \u00fcber die Nutzung der Kartenfunktionen durch Besucher erhoben, verarbeitet und genutzt. N\u00e4here Informationen \u00fcber die Datenverarbeitung durch Google k\u00f6nnen Sie\u00a0<a href=\"\\&quot;http:\/\/www.google.com\/privacypolicy.html\\&quot;\">den Google-Datenschutzhinweisen\u00a0<\/a>(Link: https:\/\/policies.google.com\/privacy?hl=de ) entnehmen. Dort k\u00f6nnen Sie im Datenschutzcenter auch Ihre pers\u00f6nlichen Datenschutz-Einstellungen ver\u00e4ndern.\u00a0Ausf\u00fchrliche Anleitungen zur Verwaltung der eigenen Daten im Zusammenhang mit Google-Produkten<a href=\"\\&quot;https:\/\/myaccount.google.com\/intro\/privacy?hl=de\\&quot;\">\u00a0finden\u00a0Sie hier<\/a>. (Link: https:\/\/myaccount.google.com\/intro\/privacy?hl=de)mit einem EXIF-GPS-Standort hochzuladen. Besucher dieser Website k\u00f6nnten Fotos, die auf dieser Website gespeichert sind, herunterladen und deren Standort-Informationen extrahieren.<\/p>\n\n\n\n<h2 class=\"wp-block-heading\">Bilder<\/h2>\n\n\n\n<p style=\"margin-top:0;margin-right:0;margin-bottom:var(--wp--preset--spacing--60);margin-left:0\">F\u00fcr die Ver\u00f6ffentlichung von Bildmaterial, das Deinem Urheberrecht unterliegt oder auf dem Du abgebildet bist, ben\u00f6tigen wir unter Umst\u00e4nden ebenfalls Deine Einwilligung. Diese Einwilligung werden wir gesondert einholen. Du kannst sie im Anschluss jederzeit mit Wirkung f\u00fcr die Zukunft widerrufen.<\/p>\n","protected":false},"excerpt":{"rendered":"<p>Wer wir sind Die Adresse unserer Website ist: https:\/\/cg-ka-durlach.de Der Schutz Deiner personenbezogenen Daten (im Folgenden kurz \u201cDaten\u201d) ist uns ein wichtiges Anliegen. Nachfolgend m\u00f6chten wir Dich dar\u00fcber informieren, welche Daten bei uns erhoben und wie diese von uns im Folgenden verarbeitet oder genutzt werden. Deine Daten F\u00fcr die nur informatorische Nutzung unseres Internetauftritts ist [&hellip;]<\/p>\n","protected":false},"author":2,"featured_media":0,"parent":0,"menu_order":0,"comment_status":"closed","ping_status":"closed","template":"","meta":{"_uag_custom_page_level_css":"","site-sidebar-layout":"default","site-content-layout":"","ast-site-content-layout":"default","site-content-style":"default","site-sidebar-style":"default","ast-global-header-display":"","ast-banner-title-visibility":"","ast-main-header-display":"","ast-hfb-above-header-display":"","ast-hfb-below-header-display":"","ast-hfb-mobile-header-display":"","site-post-title":"","ast-breadcrumbs-content":"","ast-featured-img":"","footer-sml-layout":"","ast-disable-related-posts":"","theme-transparent-header-meta":"","adv-header-id-meta":"","stick-header-meta":"","header-above-stick-meta":"","header-main-stick-meta":"","header-below-stick-meta":"","astra-migrate-meta-layouts":"default","ast-page-background-enabled":"default","ast-page-background-meta":{"desktop":{"background-color":"","background-image":"","background-repeat":"repeat","background-position":"center center","background-size":"auto","background-attachment":"scroll","background-type":"","background-media":"","overlay-type":"","overlay-color":"","overlay-opacity":"","overlay-gradient":""},"tablet":{"background-color":"","background-image":"","background-repeat":"repeat","background-position":"center center","background-size":"auto","background-attachment":"scroll","background-type":"","background-media":"","overlay-type":"","overlay-color":"","overlay-opacity":"","overlay-gradient":""},"mobile":{"background-color":"","background-image":"","background-repeat":"repeat","background-position":"center center","background-size":"auto","background-attachment":"scroll","background-type":"","background-media":"","overlay-type":"","overlay-color":"","overlay-opacity":"","overlay-gradient":""}},"ast-content-background-meta":{"desktop":{"background-color":"var(--ast-global-color-5)","background-image":"","background-repeat":"repeat","background-position":"center center","background-size":"auto","background-attachment":"scroll","background-type":"","background-media":"","overlay-type":"","overlay-color":"","overlay-opacity":"","overlay-gradient":""},"tablet":{"background-color":"var(--ast-global-color-5)","background-image":"","background-repeat":"repeat","background-position":"center center","background-size":"auto","background-attachment":"scroll","background-type":"","background-media":"","overlay-type":"","overlay-color":"","overlay-opacity":"","overlay-gradient":""},"mobile":{"background-color":"var(--ast-global-color-5)","background-image":"","background-repeat":"repeat","background-position":"center center","background-size":"auto","background-attachment":"scroll","background-type":"","background-media":"","overlay-type":"","overlay-color":"","overlay-opacity":"","overlay-gradient":""}},"footnotes":""},"class_list":["post-3","page","type-page","status-publish","hentry"],"uagb_featured_image_src":{"full":false,"thumbnail":false,"medium":false,"medium_large":false,"large":false,"1536x1536":false,"2048x2048":false},"uagb_author_info":{"display_name":"joerg.hirsch","author_link":"https:\/\/cg-ka-durlach.com\/?author=2"},"uagb_comment_info":0,"uagb_excerpt":"Wer wir sind Die Adresse unserer Website ist: https:\/\/cg-ka-durlach.de Der Schutz Deiner personenbezogenen Daten (im Folgenden kurz \u201cDaten\u201d) ist uns ein wichtiges Anliegen. Nachfolgend m\u00f6chten wir Dich dar\u00fcber informieren, welche Daten bei uns erhoben und wie diese von uns im Folgenden verarbeitet oder genutzt werden. Deine Daten F\u00fcr die nur informatorische Nutzung unseres Internetauftritts ist&hellip;","_links":{"self":[{"href":"https:\/\/cg-ka-durlach.com\/index.php?rest_route=\/wp\/v2\/pages\/3","targetHints":{"allow":["GET"]}}],"collection":[{"href":"https:\/\/cg-ka-durlach.com\/index.php?rest_route=\/wp\/v2\/pages"}],"about":[{"href":"https:\/\/cg-ka-durlach.com\/index.php?rest_route=\/wp\/v2\/types\/page"}],"author":[{"embeddable":true,"href":"https:\/\/cg-ka-durlach.com\/index.php?rest_route=\/wp\/v2\/users\/2"}],"replies":[{"embeddable":true,"href":"https:\/\/cg-ka-durlach.com\/index.php?rest_route=%2Fwp%2Fv2%2Fcomments&post=3"}],"version-history":[{"count":2,"href":"https:\/\/cg-ka-durlach.com\/index.php?rest_route=\/wp\/v2\/pages\/3\/revisions"}],"predecessor-version":[{"id":2163,"href":"https:\/\/cg-ka-durlach.com\/index.php?rest_route=\/wp\/v2\/pages\/3\/revisions\/2163"}],"wp:attachment":[{"href":"https:\/\/cg-ka-durlach.com\/index.php?rest_route=%2Fwp%2Fv2%2Fmedia&parent=3"}],"curies":[{"name":"wp","href":"https:\/\/api.w.org\/{rel}","templated":true}]}}